{"id":7,"date":"2024-10-22T16:34:19","date_gmt":"2024-10-22T16:34:19","guid":{"rendered":"https:\/\/pipore.com.ar\/\/promoss\/?page_id=7"},"modified":"2024-12-04T11:27:03","modified_gmt":"2024-12-04T14:27:03","slug":"inicio","status":"publish","type":"page","link":"https:\/\/pipore.com.ar\/promos\/","title":{"rendered":"Inicio"},"content":{"rendered":"<p>[et_pb_section fb_built=\u00bb1&#8243; _builder_version=\u00bb4.23&#8243; _module_preset=\u00bbdefault\u00bb background_image=\u00bbhttps:\/\/pipore.com.ar\/promos\/wp-content\/uploads\/2024\/10\/img-web.jpg\u00bb global_colors_info=\u00bb{}\u00bb][et_pb_row _builder_version=\u00bb4.23&#8243; _module_preset=\u00bbdefault\u00bb global_colors_info=\u00bb{}\u00bb][et_pb_column type=\u00bb4_4&#8243; _builder_version=\u00bb4.23&#8243; _module_preset=\u00bbdefault\u00bb global_colors_info=\u00bb{}\u00bb][et_pb_image src=\u00bbhttps:\/\/pipore.com.ar\/promos\/wp-content\/uploads\/2024\/10\/promo.png\u00bb title_text=\u00bbpromos\u00bb show_bottom_space=\u00bboff\u00bb align=\u00bbcenter\u00bb _builder_version=\u00bb4.23&#8243; _module_preset=\u00bbdefault\u00bb custom_margin=\u00bb||0px||false|false\u00bb custom_padding=\u00bb||0px||false|false\u00bb global_colors_info=\u00bb{}\u00bb][\/et_pb_image][et_pb_image src=\u00bbhttps:\/\/pipore.com.ar\/promos\/wp-content\/uploads\/2024\/10\/cataratas.png\u00bb title_text=\u00bbcataratas\u00bb show_bottom_space=\u00bboff\u00bb align=\u00bbcenter\u00bb _builder_version=\u00bb4.23&#8243; _module_preset=\u00bbdefault\u00bb custom_margin=\u00bb-120px||||false|false\u00bb custom_margin_tablet=\u00bb-120px||||false|false\u00bb custom_margin_phone=\u00bb-45px||||false|false\u00bb custom_margin_last_edited=\u00bbon|phone\u00bb custom_padding=\u00bb0px||||false|false\u00bb global_colors_info=\u00bb{}\u00bb][\/et_pb_image][et_pb_button button_url=\u00bb#form\u00bb button_text=\u00bbIngres\u00e1 tu c\u00f3digo\u00bb button_alignment=\u00bbcenter\u00bb _builder_version=\u00bb4.23&#8243; _module_preset=\u00bbdefault\u00bb custom_button=\u00bbon\u00bb button_text_size=\u00bb24px\u00bb button_text_color=\u00bb#000000&#8243; button_bg_color=\u00bb#EDF000&#8243; button_border_width=\u00bb0px\u00bb button_font=\u00bb|700||on|||||\u00bb global_colors_info=\u00bb{}\u00bb][\/et_pb_button][\/et_pb_column][\/et_pb_row][\/et_pb_section][et_pb_section fb_built=\u00bb1&#8243; _builder_version=\u00bb4.23&#8243; _module_preset=\u00bbdefault\u00bb global_colors_info=\u00bb{}\u00bb][et_pb_row _builder_version=\u00bb4.23&#8243; _module_preset=\u00bbdefault\u00bb global_colors_info=\u00bb{}\u00bb][et_pb_column type=\u00bb4_4&#8243; _builder_version=\u00bb4.23&#8243; _module_preset=\u00bbdefault\u00bb global_colors_info=\u00bb{}\u00bb][et_pb_text _builder_version=\u00bb4.23&#8243; _module_preset=\u00bbdefault\u00bb header_text_align=\u00bbcenter\u00bb header_2_font=\u00bb|||on|||||\u00bb header_2_text_align=\u00bbcenter\u00bb header_2_text_color=\u00bb#FFFFFF\u00bb header_2_font_size=\u00bb60px\u00bb background_image=\u00bbhttps:\/\/pipore.com.ar\/promos\/wp-content\/uploads\/2024\/10\/titulo-1-a.png\u00bb background_size=\u00bbinitial\u00bb transform_rotate=\u00bb0deg|0deg|357deg\u00bb custom_margin=\u00bb||||false|false\u00bb custom_padding=\u00bb8px||8px||true|false\u00bb header_2_font_size_tablet=\u00bb60px\u00bb header_2_font_size_phone=\u00bb30px\u00bb header_2_font_size_last_edited=\u00bbon|phone\u00bb global_colors_info=\u00bb{}\u00bb]<\/p>\n<h2>C\u00f3mo Funciona<\/h2>\n<p>[\/et_pb_text][et_pb_image src=\u00bbhttps:\/\/pipore.com.ar\/promos\/wp-content\/uploads\/2024\/11\/yerba2.png\u00bb title_text=\u00bbyerba2&#8243; align=\u00bbcenter\u00bb _builder_version=\u00bb4.23&#8243; _module_preset=\u00bbdefault\u00bb global_colors_info=\u00bb{}\u00bb][\/et_pb_image][et_pb_text _builder_version=\u00bb4.23&#8243; _module_preset=\u00bbdefault\u00bb header_text_align=\u00bbcenter\u00bb header_2_font=\u00bb|700|||||||\u00bb header_2_font_size=\u00bb30px\u00bb header_2_line_height=\u00bb1.8em\u00bb header_3_font=\u00bb|700|||||||\u00bb header_3_font_size=\u00bb40px\u00bb header_3_line_height=\u00bb1.5em\u00bb text_orientation=\u00bbcenter\u00bb header_3_font_size_tablet=\u00bb40px\u00bb header_3_font_size_phone=\u00bb30px\u00bb header_3_font_size_last_edited=\u00bbon|phone\u00bb global_colors_info=\u00bb{}\u00bb]<\/p>\n<h3><span style=\"color: #ff0000;\">1. Compr\u00e1 Pipor\u00e9 Sublime o Tradicional.<\/span><br \/>2. Encontr\u00e1 el c\u00f3digo dentro del paquete.<\/h3>\n<h3><span style=\"color: #ff0000;\">3. Ingres\u00e1 el c\u00f3digo en esta p\u00e1gina.<\/span><\/h3>\n<h3>4. Descubr\u00ed si ganaste y particip\u00e1 por el gran premio.<\/h3>\n<p>[\/et_pb_text][\/et_pb_column][\/et_pb_row][\/et_pb_section][et_pb_section fb_built=\u00bb1&#8243; _builder_version=\u00bb4.23&#8243; _module_preset=\u00bbdefault\u00bb background_color=\u00bb#2ab8c1&#8243; global_colors_info=\u00bb{}\u00bb][et_pb_row _builder_version=\u00bb4.23&#8243; _module_preset=\u00bbdefault\u00bb global_colors_info=\u00bb{}\u00bb][et_pb_column type=\u00bb4_4&#8243; _builder_version=\u00bb4.23&#8243; _module_preset=\u00bbdefault\u00bb global_colors_info=\u00bb{}\u00bb][et_pb_text _builder_version=\u00bb4.23&#8243; _module_preset=\u00bbdefault\u00bb header_text_align=\u00bbcenter\u00bb header_2_font=\u00bb|||on|||||\u00bb header_2_text_align=\u00bbcenter\u00bb header_2_text_color=\u00bb#FFFFFF\u00bb header_2_font_size=\u00bb60px\u00bb background_image=\u00bbhttps:\/\/pipore.com.ar\/promos\/wp-content\/uploads\/2024\/10\/titulo-1-a.png\u00bb background_size=\u00bbinitial\u00bb transform_rotate=\u00bb0deg|0deg|357deg\u00bb custom_margin=\u00bb||||false|false\u00bb custom_padding=\u00bb8px||8px||true|false\u00bb header_2_font_size_tablet=\u00bb60px\u00bb header_2_font_size_phone=\u00bb30px\u00bb header_2_font_size_last_edited=\u00bbon|phone\u00bb global_colors_info=\u00bb{}\u00bb]<\/p>\n<h2>Gan\u00e1 muchos premios<\/h2>\n<p>[\/et_pb_text][et_pb_image src=\u00bbhttps:\/\/pipore.com.ar\/promos\/wp-content\/uploads\/2024\/10\/bici.png\u00bb title_text=\u00bbbici\u00bb align=\u00bbcenter\u00bb _builder_version=\u00bb4.23&#8243; _module_preset=\u00bbdefault\u00bb global_colors_info=\u00bb{}\u00bb][\/et_pb_image][et_pb_text _builder_version=\u00bb4.23&#8243; _module_preset=\u00bbdefault\u00bb header_text_align=\u00bbcenter\u00bb header_2_text_align=\u00bbcenter\u00bb header_2_text_color=\u00bb#FFFFFF\u00bb header_2_font_size=\u00bb30px\u00bb background_enable_image=\u00bboff\u00bb background_size=\u00bbinitial\u00bb global_colors_info=\u00bb{}\u00bb]<\/p>\n<h2>Bicicletas<\/h2>\n<p>[\/et_pb_text][\/et_pb_column][\/et_pb_row][et_pb_row _builder_version=\u00bb4.23&#8243; _module_preset=\u00bbdefault\u00bb global_colors_info=\u00bb{}\u00bb][et_pb_column type=\u00bb4_4&#8243; _builder_version=\u00bb4.23&#8243; _module_preset=\u00bbdefault\u00bb global_colors_info=\u00bb{}\u00bb][et_pb_image src=\u00bbhttps:\/\/pipore.com.ar\/promos\/wp-content\/uploads\/2024\/10\/tele.png\u00bb title_text=\u00bbtele\u00bb align=\u00bbcenter\u00bb _builder_version=\u00bb4.23&#8243; _module_preset=\u00bbdefault\u00bb global_colors_info=\u00bb{}\u00bb][\/et_pb_image][et_pb_text _builder_version=\u00bb4.23&#8243; _module_preset=\u00bbdefault\u00bb header_text_align=\u00bbcenter\u00bb header_2_text_align=\u00bbcenter\u00bb header_2_text_color=\u00bb#FFFFFF\u00bb header_2_font_size=\u00bb30px\u00bb background_enable_image=\u00bboff\u00bb background_size=\u00bbinitial\u00bb global_colors_info=\u00bb{}\u00bb]<\/p>\n<h2>Led TV<\/h2>\n<p>[\/et_pb_text][\/et_pb_column][\/et_pb_row][et_pb_row _builder_version=\u00bb4.23&#8243; _module_preset=\u00bbdefault\u00bb global_colors_info=\u00bb{}\u00bb][et_pb_column type=\u00bb4_4&#8243; _builder_version=\u00bb4.23&#8243; _module_preset=\u00bbdefault\u00bb global_colors_info=\u00bb{}\u00bb][et_pb_image src=\u00bbhttps:\/\/pipore.com.ar\/promos\/wp-content\/uploads\/2024\/10\/cropped-termo.png\u00bb title_text=\u00bbcropped-termo.png\u00bb align=\u00bbcenter\u00bb _builder_version=\u00bb4.23&#8243; _module_preset=\u00bbdefault\u00bb global_colors_info=\u00bb{}\u00bb][\/et_pb_image][et_pb_text _builder_version=\u00bb4.23&#8243; _module_preset=\u00bbdefault\u00bb header_text_align=\u00bbcenter\u00bb header_2_text_align=\u00bbcenter\u00bb header_2_text_color=\u00bb#EDF000&#8243; header_2_font_size=\u00bb40px\u00bb background_enable_image=\u00bboff\u00bb background_size=\u00bbinitial\u00bb global_colors_info=\u00bb{}\u00bb]<\/p>\n<h2>\u00a1Y muchos<br \/>premios m\u00e1s!<\/h2>\n<p>[\/et_pb_text][et_pb_button button_url=\u00bb#form\u00bb button_text=\u00bb\u00a1Particip\u00e1!\u00bb button_alignment=\u00bbcenter\u00bb _builder_version=\u00bb4.23&#8243; _module_preset=\u00bbdefault\u00bb custom_button=\u00bbon\u00bb button_text_size=\u00bb24px\u00bb button_text_color=\u00bb#EDF000&#8243; button_bg_color=\u00bb#E02B20&#8243; button_border_width=\u00bb0px\u00bb button_font=\u00bb|700||on|||||\u00bb global_colors_info=\u00bb{}\u00bb][\/et_pb_button][\/et_pb_column][\/et_pb_row][\/et_pb_section][et_pb_section fb_built=\u00bb1&#8243; _builder_version=\u00bb4.23&#8243; _module_preset=\u00bbdefault\u00bb background_color=\u00bb#191919&#8243; global_colors_info=\u00bb{}\u00bb][et_pb_row _builder_version=\u00bb4.23&#8243; _module_preset=\u00bbdefault\u00bb global_colors_info=\u00bb{}\u00bb][et_pb_column type=\u00bb4_4&#8243; _builder_version=\u00bb4.23&#8243; _module_preset=\u00bbdefault\u00bb global_colors_info=\u00bb{}\u00bb][et_pb_text _builder_version=\u00bb4.23&#8243; _module_preset=\u00bbdefault\u00bb header_text_align=\u00bbcenter\u00bb header_2_font=\u00bb|||on|||||\u00bb header_2_text_align=\u00bbcenter\u00bb header_2_text_color=\u00bb#FFFFFF\u00bb header_2_font_size=\u00bb60px\u00bb background_image=\u00bbhttps:\/\/pipore.com.ar\/promos\/wp-content\/uploads\/2024\/10\/titulo-2-a.png\u00bb background_size=\u00bbinitial\u00bb transform_rotate=\u00bb0deg|0deg|357deg\u00bb custom_margin=\u00bb||||false|false\u00bb custom_padding=\u00bb8px||8px||true|false\u00bb header_2_font_size_tablet=\u00bb60px\u00bb header_2_font_size_phone=\u00bb28px\u00bb header_2_font_size_last_edited=\u00bbon|phone\u00bb global_colors_info=\u00bb{}\u00bb]<\/p>\n<h2>\u00a1COMPART\u00cd TU MOMENTO PIPOR\u00c9!<\/h2>\n<p>[\/et_pb_text][\/et_pb_column][\/et_pb_row][et_pb_row _builder_version=\u00bb4.23&#8243; _module_preset=\u00bbdefault\u00bb global_colors_info=\u00bb{}\u00bb][et_pb_column type=\u00bb4_4&#8243; _builder_version=\u00bb4.23&#8243; _module_preset=\u00bbdefault\u00bb global_colors_info=\u00bb{}\u00bb][et_pb_video src=\u00bbhttps:\/\/www.youtube.com\/watch?v=3duH6C9Lpqk\u00bb _builder_version=\u00bb4.23&#8243; _module_preset=\u00bbdefault\u00bb global_colors_info=\u00bb{}\u00bb][\/et_pb_video][\/et_pb_column][\/et_pb_row][et_pb_row _builder_version=\u00bb4.23&#8243; _module_preset=\u00bbdefault\u00bb global_colors_info=\u00bb{}\u00bb][et_pb_column type=\u00bb4_4&#8243; _builder_version=\u00bb4.23&#8243; _module_preset=\u00bbdefault\u00bb global_colors_info=\u00bb{}\u00bb][et_pb_text _builder_version=\u00bb4.23&#8243; _module_preset=\u00bbdefault\u00bb header_text_align=\u00bbcenter\u00bb header_2_font=\u00bb|||on|||||\u00bb header_2_text_align=\u00bbcenter\u00bb header_2_text_color=\u00bb#000000&#8243; header_2_font_size=\u00bb60px\u00bb background_image=\u00bbhttps:\/\/pipore.com.ar\/promos\/wp-content\/uploads\/2024\/10\/titulo-3-a.png\u00bb background_size=\u00bbinitial\u00bb transform_rotate=\u00bb0deg|0deg|357deg\u00bb background_layout=\u00bbdark\u00bb custom_margin=\u00bb||||false|false\u00bb custom_padding=\u00bb8px||8px||true|false\u00bb header_2_font_size_tablet=\u00bb60px\u00bb header_2_font_size_phone=\u00bb30px\u00bb header_2_font_size_last_edited=\u00bbon|phone\u00bb global_colors_info=\u00bb{}\u00bb]<\/p>\n<h2>\u00bfGANASTE?<\/h2>\n<p>[\/et_pb_text][et_pb_text _builder_version=\u00bb4.23&#8243; _module_preset=\u00bbdefault\u00bb header_text_align=\u00bbcenter\u00bb header_2_font=\u00bb|800|||||||\u00bb header_2_text_align=\u00bbcenter\u00bb header_3_font=\u00bb|700|||||||\u00bb header_3_text_align=\u00bbcenter\u00bb header_3_font_size=\u00bb40px\u00bb background_layout=\u00bbdark\u00bb header_3_font_size_tablet=\u00bb40px\u00bb header_3_font_size_phone=\u00bb28px\u00bb header_3_font_size_last_edited=\u00bbon|phone\u00bb global_colors_info=\u00bb{}\u00bb]<\/p>\n<h3>Subilo a tus redes sociales con el<\/h3>\n<h3>#TicketGanadorPipor\u00e9 o<br \/>#Cataratasdepremios<\/h3>\n<p>[\/et_pb_text][\/et_pb_column][\/et_pb_row][\/et_pb_section][et_pb_section fb_built=\u00bb1&#8243; module_id=\u00bbform\u00bb _builder_version=\u00bb4.23&#8243; _module_preset=\u00bbdefault\u00bb background_color=\u00bb#ec1d25&#8243; global_colors_info=\u00bb{}\u00bb][et_pb_row _builder_version=\u00bb4.23&#8243; _module_preset=\u00bbdefault\u00bb global_colors_info=\u00bb{}\u00bb][et_pb_column type=\u00bb4_4&#8243; _builder_version=\u00bb4.23&#8243; _module_preset=\u00bbdefault\u00bb global_colors_info=\u00bb{}\u00bb][et_pb_text _builder_version=\u00bb4.23&#8243; _module_preset=\u00bbdefault\u00bb header_text_align=\u00bbcenter\u00bb header_2_font=\u00bb|800|||||||\u00bb header_2_text_align=\u00bbcenter\u00bb header_2_font_size=\u00bb40px\u00bb header_3_font=\u00bb|700|||||||\u00bb header_3_text_align=\u00bbcenter\u00bb background_layout=\u00bbdark\u00bb link_option_url=\u00bbcode-check-result\u00bb global_colors_info=\u00bb{}\u00bb]<\/p>\n<h2>\u00a1Ingres\u00e1 tu c\u00f3digo y descubr\u00ed si sos un potencial ganador!<br \/>Adem\u00e1s, particip\u00e1s en el sorteo de un viaje a las Cataratas de Iguaz\u00fa.<\/h2>\n<p>[\/et_pb_text][et_pb_code _builder_version=\u00bb4.23&#8243; _module_preset=\u00bbdefault\u00bb text_orientation=\u00bbcenter\u00bb custom_css_free_form=\u00bb.enlace {||    color: white; \/* Color del enlace *\/||    text-decoration: underline; \/* Subrayado como enlace *\/||    cursor: pointer; \/* Cambia el cursor a mano *\/||    position: relative;||}||||.enlace::after {||    content: %22%22; \/* Espacio para evitar texto adicional *\/||    position: absolute;||    top: 0;||    left: 0;||    right: 0;||    bottom: 0;||    background: rgba(0, 0, 0, 0); \/* Transparente *\/||}||||.enlace%91data-url%93:hover {||    color: black; \/* Color al pasar el cursor *\/||    text-decoration: none; \/* Opcional: quitar subrayado *\/||}||||.mauticform-helpmessage {||    display: none!important; \/* Oculta los labels *\/||}||.mauticform-label{||    color: white; ||  \tfont-size 16px;||\t\ttext-align: left;||}||.mauticform-errormsg{||    color: black; }||.mauticform-input{||    width: 100%; \/* Ancho al 100% para los campos *\/||    font-size: 23px; \/* Tama\u00f1o de texto ||  de 20px *\/||}||.mauticform-button-wrapper .mauticform-button {||    display: block; \/* Centra el bot\u00f3n *\/||    margin: 0 auto; \/* Centrado horizontal *\/||    background-color: #00bfff; \/* Color celeste de fondo *\/||    color: white; \/* Texto en blanco *\/||    font-size: 23px; \/* Tama\u00f1o de texto de 23px *\/||    border: none; \/* Sin borde *\/||    padding: 10px 20px; \/* Padding para el bot\u00f3n *\/||    cursor: pointer; \/* Cursor de puntero *\/||}||.code-check-form {||  background-color: #e53e3e; \/* Red-500 *\/||  padding: 2rem; \/* 32px *\/||  border-radius: 0.5rem; \/* 8px *\/||  box-shadow: 0 4px 6px -1px rgba(0, 0, 0, 0.1), 0 2px 4px -1px rgba(0, 0, 0, 0.06);||}||||.code-check-form h2 {||  color: white;||  font-size: 23px; \/* 24px *\/||  font-weight: bold;||  margin-bottom: 2rem; \/* 24px *\/||}||||.code-check-form input%91type=%22text%22%93 {||  width: 100%;||  padding: 0.75rem 1rem; \/* 12px 16px *\/||  border-radius: 0.375rem; \/* 6px *\/||  font-size: 1rem; \/* 16px *\/||  color: #4a5568; \/* Gray-700 *\/||  border: none;||  outline: none;||  box-shadow: 0 1px 3px 0 rgba(0, 0, 0, 0.1), 0 1px 2px 0 rgba(0, 0, 0, 0.06);||  transition: border-color 0.15s ease-in-out, box-shadow 0.15s ease-in-out;||}||||.code-check-form input%91type=%22text%22%93:focus {||  border-color: #e53e3e; \/* Red-500 *\/||  box-shadow: 0 0 0 3px rgba(229, 62, 62, 0.5); \/* Red-500 with 50% opacity *\/||}||||.boton button%91type=%22submit%22%93 {||  background-color: #ecc94b; \/* Yellow-400 *\/||  color: #000000; \/* Black *\/||  font-weight: bold;||  padding: 0.75rem 1.25rem; \/* 12px 20px *\/||  border-radius: 0.375rem; \/* 6px *\/||  cursor: pointer;||  transition: background-color 0.15s ease-in-out;||  font-size: 21px;||}||||.code-check-form button%91type=%22submit%22%93:hover {||  background-color: #d69e2e; \/* Yellow-500 *\/||}\u00bb global_colors_info=\u00bb{}\u00bb]<\/p>\n<div id=\"code-check-result\">\n        <form id=\"code-check-form\" method=\"post\" class=\"code-check-form\">\n            <h2 style=\"color:white;\">Ingres\u00e1 el c\u00f3digo para participar<\/h2>\n            <input type=\"text\" id=\"code\" style=\"font-size:23px;\" name=\"code\" required class=\"codigo\">\n            <button type=\"submit\" style=\"font-size:23px;\" class=\"boton\">Verificar C\u00f3digo<\/button>\n        <\/form>\n        <div id=\"code-check-result\"><\/div>\n    <\/div>\n<p>[\/et_pb_code][\/et_pb_column][\/et_pb_row][et_pb_row column_structure=\u00bb1_5,1_5,1_5,1_5,1_5&#8243; _builder_version=\u00bb4.23&#8243; _module_preset=\u00bbdefault\u00bb global_colors_info=\u00bb{}\u00bb][et_pb_column type=\u00bb1_5&#8243; _builder_version=\u00bb4.23&#8243; _module_preset=\u00bbdefault\u00bb global_colors_info=\u00bb{}\u00bb][et_pb_image src=\u00bbhttps:\/\/pipore.com.ar\/promos\/wp-content\/uploads\/2024\/10\/Artboard-88.png\u00bb title_text=\u00bbArtboard 88&#8243; url=\u00bbhttps:\/\/www.facebook.com\/ComunidadPipore\u00bb url_new_window=\u00bbon\u00bb align=\u00bbcenter\u00bb _builder_version=\u00bb4.23&#8243; _module_preset=\u00bbdefault\u00bb global_colors_info=\u00bb{}\u00bb][\/et_pb_image][\/et_pb_column][et_pb_column type=\u00bb1_5&#8243; _builder_version=\u00bb4.23&#8243; _module_preset=\u00bbdefault\u00bb global_colors_info=\u00bb{}\u00bb][et_pb_image src=\u00bbhttps:\/\/pipore.com.ar\/promos\/wp-content\/uploads\/2024\/10\/Artboard-90.png\u00bb title_text=\u00bbArtboard 90&#8243; url=\u00bbhttps:\/\/x.com\/pipore\u00bb url_new_window=\u00bbon\u00bb align=\u00bbcenter\u00bb _builder_version=\u00bb4.23&#8243; _module_preset=\u00bbdefault\u00bb global_colors_info=\u00bb{}\u00bb][\/et_pb_image][\/et_pb_column][et_pb_column type=\u00bb1_5&#8243; _builder_version=\u00bb4.23&#8243; _module_preset=\u00bbdefault\u00bb global_colors_info=\u00bb{}\u00bb][et_pb_image src=\u00bbhttps:\/\/pipore.com.ar\/promos\/wp-content\/uploads\/2024\/10\/Artboard-89.png\u00bb title_text=\u00bbArtboard 89&#8243; url=\u00bbhttps:\/\/www.instagram.com\/comunidadpipore\/\u00bb url_new_window=\u00bbon\u00bb align=\u00bbcenter\u00bb _builder_version=\u00bb4.23&#8243; _module_preset=\u00bbdefault\u00bb global_colors_info=\u00bb{}\u00bb][\/et_pb_image][\/et_pb_column][et_pb_column type=\u00bb1_5&#8243; _builder_version=\u00bb4.23&#8243; _module_preset=\u00bbdefault\u00bb global_colors_info=\u00bb{}\u00bb][et_pb_image src=\u00bbhttps:\/\/pipore.com.ar\/promos\/wp-content\/uploads\/2024\/10\/Artboard-91.png\u00bb title_text=\u00bbArtboard 91&#8243; align=\u00bbcenter\u00bb _builder_version=\u00bb4.23&#8243; _module_preset=\u00bbdefault\u00bb global_colors_info=\u00bb{}\u00bb][\/et_pb_image][\/et_pb_column][et_pb_column type=\u00bb1_5&#8243; _builder_version=\u00bb4.23&#8243; _module_preset=\u00bbdefault\u00bb global_colors_info=\u00bb{}\u00bb][et_pb_image src=\u00bbhttps:\/\/pipore.com.ar\/promos\/wp-content\/uploads\/2024\/10\/Artboard-93.png\u00bb title_text=\u00bbArtboard 93&#8243; url=\u00bbhttps:\/\/tiendapipore.com.ar\/\u00bb align=\u00bbcenter\u00bb _builder_version=\u00bb4.23&#8243; _module_preset=\u00bbdefault\u00bb global_colors_info=\u00bb{}\u00bb][\/et_pb_image][\/et_pb_column][\/et_pb_row][et_pb_row _builder_version=\u00bb4.23&#8243; _module_preset=\u00bbdefault\u00bb global_colors_info=\u00bb{}\u00bb][et_pb_column type=\u00bb4_4&#8243; _builder_version=\u00bb4.23&#8243; _module_preset=\u00bbdefault\u00bb global_colors_info=\u00bb{}\u00bb][et_pb_image src=\u00bbhttps:\/\/pipore.com.ar\/promos\/wp-content\/uploads\/2024\/10\/Logo-Pipore.png\u00bb title_text=\u00bbLogo-Pipore\u00bb url=\u00bbhttps:\/\/pipore.com.ar\u00bb url_new_window=\u00bbon\u00bb align=\u00bbcenter\u00bb _builder_version=\u00bb4.23&#8243; _module_preset=\u00bbdefault\u00bb width=\u00bb30%\u00bb global_colors_info=\u00bb{}\u00bb][\/et_pb_image][\/et_pb_column][\/et_pb_row][et_pb_row _builder_version=\u00bb4.23&#8243; _module_preset=\u00bbdefault\u00bb][et_pb_column _builder_version=\u00bb4.23&#8243; _module_preset=\u00bbdefault\u00bb type=\u00bb4_4&#8243;][et_pb_text _builder_version=\u00bb4.23&#8243; _module_preset=\u00bbdefault\u00bb text_text_color=\u00bb#FFFFFF\u00bb background_layout=\u00bbdark\u00bb text_orientation=\u00bbcenter\u00bb text_font=\u00bb|300|||||||\u00bb link_text_color=\u00bb#FFFFFF\u00bb link_font=\u00bb||||on||||\u00bb hover_enabled=\u00bb0&#8243; sticky_enabled=\u00bb0&#8243;]<\/p>\n<p>Consult\u00e1 <a href=\"Consult\u00e1%20Bases y condiciones\" target=\"_blank\" rel=\"noopener\">Bases y condiciones<\/a><\/p>\n<p>[\/et_pb_text][\/et_pb_column][\/et_pb_row][\/et_pb_section]<\/p>\n","protected":false},"excerpt":{"rendered":"<p>C\u00f3mo Funciona1. Compr\u00e1 Pipor\u00e9 Sublime o Tradicional.2. Encontr\u00e1 el c\u00f3digo dentro del paquete. 3. Ingres\u00e1 el c\u00f3digo en esta p\u00e1gina. 4. Descubr\u00ed si ganaste y particip\u00e1 por el gran premio.Gan\u00e1 muchos premiosBicicletasLed TV\u00a1Y muchospremios m\u00e1s!\u00a1COMPART\u00cd TU MOMENTO PIPOR\u00c9!\u00bfGANASTE?Subilo a tus redes sociales con el #TicketGanadorPipor\u00e9 o#Cataratasdepremios\u00a1Ingres\u00e1 tu c\u00f3digo y descubr\u00ed si sos un potencial ganador!Adem\u00e1s, [&hellip;]<\/p>\n","protected":false},"author":1,"featured_media":0,"parent":0,"menu_order":0,"comment_status":"closed","ping_status":"closed","template":"","meta":{"_et_pb_use_builder":"on","_et_pb_old_content":"","_et_gb_content_width":"","footnotes":""},"class_list":["post-7","page","type-page","status-publish","hentry"],"_links":{"self":[{"href":"https:\/\/pipore.com.ar\/promos\/wp-json\/wp\/v2\/pages\/7","targetHints":{"allow":["GET"]}}],"collection":[{"href":"https:\/\/pipore.com.ar\/promos\/wp-json\/wp\/v2\/pages"}],"about":[{"href":"https:\/\/pipore.com.ar\/promos\/wp-json\/wp\/v2\/types\/page"}],"author":[{"embeddable":true,"href":"https:\/\/pipore.com.ar\/promos\/wp-json\/wp\/v2\/users\/1"}],"replies":[{"embeddable":true,"href":"https:\/\/pipore.com.ar\/promos\/wp-json\/wp\/v2\/comments?post=7"}],"version-history":[{"count":52,"href":"https:\/\/pipore.com.ar\/promos\/wp-json\/wp\/v2\/pages\/7\/revisions"}],"predecessor-version":[{"id":163,"href":"https:\/\/pipore.com.ar\/promos\/wp-json\/wp\/v2\/pages\/7\/revisions\/163"}],"wp:attachment":[{"href":"https:\/\/pipore.com.ar\/promos\/wp-json\/wp\/v2\/media?parent=7"}],"curies":[{"name":"wp","href":"https:\/\/api.w.org\/{rel}","templated":true}]}}